{"id":5406,"date":"2020-08-07T20:01:07","date_gmt":"2020-08-07T20:01:07","guid":{"rendered":"https:\/\/www.legumehub.eu\/?page_id=5406"},"modified":"2022-01-18T14:48:32","modified_gmt":"2022-01-18T14:48:32","slug":"impressum","status":"publish","type":"page","link":"https:\/\/legumehub.eu\/de\/impressum\/","title":{"rendered":"Impressum"},"content":{"rendered":"<p>[et_pb_section fb_built=&#8221;1&#8243; admin_label=&#8221;Section New Header&#8221; _builder_version=&#8221;4.8.2&#8243; _module_preset=&#8221;default&#8221; use_background_color_gradient=&#8221;on&#8221; background_color_gradient_start=&#8221;#d0df90&#8243; background_color_gradient_end=&#8221;rgba(0,0,0,0)&#8221; background_color_gradient_direction=&#8221;90deg&#8221; background_color_gradient_start_position=&#8221;28%&#8221; background_color_gradient_overlays_image=&#8221;on&#8221; background_image=&#8221;https:\/\/www.legumehub.eu\/wp-content\/uploads\/2020\/09\/legumehub-IMPRINT-donau-soja-c-shutterstock_486145288-1.jpg&#8221; custom_margin=&#8221;130px||||false|false&#8221; custom_padding=&#8221;||0px||false|false&#8221; locked=&#8221;off&#8221;][et_pb_row _builder_version=&#8221;4.8.2&#8243; _module_preset=&#8221;default&#8221; custom_margin=&#8221;0px||0px||false|false&#8221; custom_padding=&#8221;0px||0px||false|false&#8221;][et_pb_column type=&#8221;4_4&#8243; _builder_version=&#8221;4.8.2&#8243; _module_preset=&#8221;default&#8221;][et_pb_text admin_label=&#8221;Page Headline &#8221; _builder_version=&#8221;4.8.2&#8243; text_font=&#8221;||||||||&#8221; text_line_height=&#8221;2em&#8221; header_font=&#8221;Noto Serif||||||||&#8221; header_text_align=&#8221;left&#8221; header_text_color=&#8221;#FFFFFF&#8221; header_font_size=&#8221;54px&#8221; header_2_font=&#8221;||||||||&#8221; header_5_font=&#8221;||||||||&#8221; header_6_font=&#8221;Source Sans Pro|||on|||||&#8221; header_6_font_size=&#8221;24px&#8221; header_6_letter_spacing=&#8221;8px&#8221; header_6_line_height=&#8221;1.8em&#8221; text_orientation=&#8221;center&#8221; background_layout=&#8221;dark&#8221; max_width=&#8221;100%&#8221; max_width_tablet=&#8221;&#8221; max_width_phone=&#8221;&#8221; max_width_last_edited=&#8221;on|tablet&#8221; module_alignment=&#8221;left&#8221; custom_margin=&#8221;0px||0px||false|false&#8221; custom_padding=&#8221;25px||0px||false|false&#8221; animation_style=&#8221;slide&#8221; animation_intensity_slide=&#8221;4%&#8221; header_font_size_tablet=&#8221;42px&#8221; header_font_size_phone=&#8221;32px&#8221; header_font_size_last_edited=&#8221;on|desktop&#8221; text_font_size__hover=&#8221;14px&#8221; text_font_size__hover_enabled=&#8221;14px&#8221; text_letter_spacing__hover=&#8221;0px&#8221; text_letter_spacing__hover_enabled=&#8221;0px&#8221; text_line_height__hover=&#8221;1.7em&#8221; text_line_height__hover_enabled=&#8221;1.7em&#8221; text_text_shadow_style__hover=&#8221;none&#8221; text_text_shadow_style__hover_enabled=&#8221;none&#8221; text_text_shadow_color__hover=&#8221;rgba(0,0,0,0.4)&#8221; text_text_shadow_color__hover_enabled=&#8221;rgba(0,0,0,0.4)&#8221; link_font_size__hover=&#8221;14px&#8221; link_font_size__hover_enabled=&#8221;14px&#8221; link_letter_spacing__hover=&#8221;0px&#8221; link_letter_spacing__hover_enabled=&#8221;0px&#8221; link_line_height__hover=&#8221;1em&#8221; link_line_height__hover_enabled=&#8221;1em&#8221; link_text_shadow_style__hover=&#8221;none&#8221; link_text_shadow_style__hover_enabled=&#8221;none&#8221; link_text_shadow_color__hover=&#8221;rgba(0,0,0,0.4)&#8221; link_text_shadow_color__hover_enabled=&#8221;rgba(0,0,0,0.4)&#8221; ul_font_size__hover=&#8221;14px&#8221; ul_font_size__hover_enabled=&#8221;14px&#8221; ul_letter_spacing__hover=&#8221;0px&#8221; ul_letter_spacing__hover_enabled=&#8221;0px&#8221; ul_line_height__hover=&#8221;1em&#8221; ul_line_height__hover_enabled=&#8221;1em&#8221; ul_text_shadow_style__hover=&#8221;none&#8221; ul_text_shadow_style__hover_enabled=&#8221;none&#8221; ul_text_shadow_color__hover=&#8221;rgba(0,0,0,0.4)&#8221; ul_text_shadow_color__hover_enabled=&#8221;rgba(0,0,0,0.4)&#8221; ol_font_size__hover=&#8221;14px&#8221; ol_font_size__hover_enabled=&#8221;14px&#8221; ol_letter_spacing__hover=&#8221;0px&#8221; ol_letter_spacing__hover_enabled=&#8221;0px&#8221; ol_line_height__hover=&#8221;1em&#8221; ol_line_height__hover_enabled=&#8221;1em&#8221; ol_text_shadow_style__hover=&#8221;none&#8221; ol_text_shadow_style__hover_enabled=&#8221;none&#8221; ol_text_shadow_color__hover=&#8221;rgba(0,0,0,0.4)&#8221; ol_text_shadow_color__hover_enabled=&#8221;rgba(0,0,0,0.4)&#8221; quote_font_size__hover=&#8221;14px&#8221; quote_font_size__hover_enabled=&#8221;14px&#8221; quote_letter_spacing__hover=&#8221;0px&#8221; quote_letter_spacing__hover_enabled=&#8221;0px&#8221; quote_line_height__hover=&#8221;1em&#8221; quote_line_height__hover_enabled=&#8221;1em&#8221; quote_text_shadow_style__hover=&#8221;none&#8221; quote_text_shadow_style__hover_enabled=&#8221;none&#8221; quote_text_shadow_color__hover=&#8221;rgba(0,0,0,0.4)&#8221; quote_text_shadow_color__hover_enabled=&#8221;rgba(0,0,0,0.4)&#8221; text_orientation__hover=&#8221;left&#8221; text_orientation__hover_enabled=&#8221;left&#8221; background_layout__hover=&#8221;light&#8221; background_layout__hover_enabled=&#8221;light&#8221;]<\/p>\n<h1>Impressum<\/h1>\n<p>[\/et_pb_text][\/et_pb_column][\/et_pb_row][\/et_pb_section][et_pb_section fb_built=&#8221;1&#8243; admin_label=&#8221;Inhalt&#8221; _builder_version=&#8221;4.8.2&#8243; custom_padding=&#8221;15px||||false|false&#8221; locked=&#8221;off&#8221; collapsed=&#8221;off&#8221;][et_pb_row column_structure=&#8221;3_4,1_4&#8243; _builder_version=&#8221;4.8.2&#8243; custom_margin=&#8221;||0px||false|false&#8221; custom_padding=&#8221;||||false|false&#8221;][et_pb_column type=&#8221;3_4&#8243; _builder_version=&#8221;3.25&#8243; custom_padding=&#8221;|||&#8221; custom_padding__hover=&#8221;|||&#8221;][et_pb_divider color=&#8221;#ffca67&#8243; divider_weight=&#8221;3px&#8221; _builder_version=&#8221;4.8.2&#8243; max_width=&#8221;80px&#8221; height=&#8221;3px&#8221; animation_style=&#8221;slide&#8221; animation_intensity_slide=&#8221;4%&#8221; locked=&#8221;off&#8221;]<br \/>\n[\/et_pb_divider][et_pb_text admin_label=&#8221;Einleitung&#8221; _builder_version=&#8221;4.8.2&#8243; text_font=&#8221;||||||||&#8221; text_font_size=&#8221;17px&#8221; text_line_height=&#8221;1.6em&#8221; header_font=&#8221;Noto Serif||||||||&#8221; header_font_size=&#8221;34px&#8221; header_2_font=&#8221;Noto Serif||||||||&#8221; header_2_font_size=&#8221;34px&#8221; header_2_line_height=&#8221;1.4em&#8221; header_3_font=&#8221;Noto Serif||||||||&#8221; header_3_font_size=&#8221;26px&#8221; header_4_font=&#8221;Noto Serif|700|||||||&#8221; header_4_font_size=&#8221;17px&#8221; header_2_font_size_tablet=&#8221;30px&#8221; header_2_font_size_phone=&#8221;24px&#8221; header_2_font_size_last_edited=&#8221;on|phone&#8221; locked=&#8221;off&#8221;]<\/p>\n<p>Der Legume Hub wird von Donau Soja herausgegeben. Er entstand im Rahmen des Projektes Legumes Translated. Legumes Translated wurde von der Europ\u00e4ischen Union im Rahmen des Forschungs- und Innovationsprogramms Horizon 2020 im F\u00f6rdervertrag Nr. 817634 gef\u00f6rdert.<\/p>\n<p>[\/et_pb_text][et_pb_divider color=&#8221;#ffca67&#8243; divider_weight=&#8221;3px&#8221; _builder_version=&#8221;4.8.2&#8243; max_width=&#8221;80px&#8221; height=&#8221;3px&#8221; animation_style=&#8221;slide&#8221; animation_intensity_slide=&#8221;4%&#8221; locked=&#8221;off&#8221;]<br \/>\n[\/et_pb_divider][\/et_pb_column][et_pb_column type=&#8221;1_4&#8243; _builder_version=&#8221;3.25&#8243; custom_padding=&#8221;|||&#8221; custom_padding__hover=&#8221;|||&#8221;][\/et_pb_column][\/et_pb_row][et_pb_row column_structure=&#8221;3_4,1_4&#8243; use_custom_gutter=&#8221;on&#8221; gutter_width=&#8221;2&#8243; _builder_version=&#8221;3.25&#8243; locked=&#8221;off&#8221;][et_pb_column type=&#8221;3_4&#8243; _builder_version=&#8221;3.25&#8243; custom_padding=&#8221;|||&#8221; custom_padding__hover=&#8221;|||&#8221;][et_pb_text admin_label=&#8221;Name and address of the controller \/ publisher&#8221; _builder_version=&#8221;4.8.2&#8243; text_font=&#8221;||||||||&#8221; text_font_size=&#8221;17px&#8221; text_line_height=&#8221;1.6em&#8221; header_font=&#8221;Noto Serif||||||||&#8221; header_font_size=&#8221;34px&#8221; header_2_font=&#8221;Noto Serif||||||||&#8221; header_2_font_size=&#8221;34px&#8221; header_2_line_height=&#8221;1.4em&#8221; header_3_font=&#8221;Noto Serif||||||||&#8221; header_3_font_size=&#8221;26px&#8221; header_4_font=&#8221;Noto Serif|700|||||||&#8221; header_4_font_size=&#8221;17px&#8221; header_2_font_size_tablet=&#8221;30px&#8221; header_2_font_size_phone=&#8221;24px&#8221; header_2_font_size_last_edited=&#8221;on|phone&#8221; locked=&#8221;off&#8221;]<\/p>\n<h3>Name und Adresse des Controllers \/ der Herausgeberin<\/h3>\n<p>Controller im Sinne von Art. 4 Nr. 7 Allgemeine Datenschutzverordnung (nachfolgend: \u201cGDPR\u201d) ist:<\/p>\n<p>Donau Soja GmbH<br \/>Wiesingerstra\u00dfe 6\/14<br \/>1010 Wien<br \/>\u00d6sterreich<\/p>\n<p>Telefon: <a href=\"tel:+4315121744\">+ 43 1 512 17 44<\/a><br \/>E-Mail: <a href=\"mailto:office@donausoja.org\">office@donausoja.org<\/a><br \/><a href=\"https:\/\/www.donausoja.org\" target=\"_blank\" rel=\"noopener noreferrer\">www.donausoja.org<\/a><\/p>\n<p>Gesch\u00e4ftsf\u00fchrer: Klaus Palmetzhofer<\/p>\n<p>[\/et_pb_text][\/et_pb_column][et_pb_column type=&#8221;1_4&#8243; _builder_version=&#8221;3.25&#8243; custom_padding=&#8221;|||&#8221; custom_padding__hover=&#8221;|||&#8221;][\/et_pb_column][\/et_pb_row][et_pb_row column_structure=&#8221;3_4,1_4&#8243; use_custom_gutter=&#8221;on&#8221; gutter_width=&#8221;2&#8243; _builder_version=&#8221;3.25&#8243; locked=&#8221;off&#8221; header_2_font_size_tablet=&#8221;30px&#8221; header_2_font_size_phone=&#8221;24px&#8221; header_2_font_size_last_edited=&#8221;on|phone&#8221;][et_pb_column type=&#8221;3_4&#8243; _builder_version=&#8221;3.25&#8243; custom_padding=&#8221;|||&#8221; custom_padding__hover=&#8221;|||&#8221;][et_pb_text admin_label=&#8221;Design, Programmierung, CMS&#8221; _builder_version=&#8221;4.8.2&#8243; text_font=&#8221;||||||||&#8221; text_font_size=&#8221;17px&#8221; text_line_height=&#8221;1.6em&#8221; header_font=&#8221;Noto Serif||||||||&#8221; header_font_size=&#8221;34px&#8221; header_2_font=&#8221;Noto Serif||||||||&#8221; header_2_font_size=&#8221;34px&#8221; header_2_line_height=&#8221;1.4em&#8221; header_3_font=&#8221;Noto Serif||||||||&#8221; header_3_font_size=&#8221;26px&#8221; header_4_font=&#8221;Noto Serif|700|||||||&#8221; header_4_font_size=&#8221;17px&#8221; header_2_font_size_tablet=&#8221;30px&#8221; header_2_font_size_phone=&#8221;24px&#8221; header_2_font_size_last_edited=&#8221;on|phone&#8221; locked=&#8221;off&#8221;]<\/p>\n<h2>Gestaltung, Programmierung, CMS<\/h2>\n<p>iService Medien &amp; Werbeagentur<br \/><a href=\"https:\/\/www.iservice.at\/\" target=\"_blank\" rel=\"noopener noreferrer\">www.iservice.at<\/a><\/p>\n<p>[\/et_pb_text][\/et_pb_column][et_pb_column type=&#8221;1_4&#8243; _builder_version=&#8221;3.25&#8243; custom_padding=&#8221;|||&#8221; custom_padding__hover=&#8221;|||&#8221;][\/et_pb_column][\/et_pb_row][et_pb_row column_structure=&#8221;3_4,1_4&#8243; use_custom_gutter=&#8221;on&#8221; gutter_width=&#8221;2&#8243; _builder_version=&#8221;4.7.3&#8243; locked=&#8221;off&#8221;][et_pb_column type=&#8221;3_4&#8243; _builder_version=&#8221;3.25&#8243; custom_padding=&#8221;|||&#8221; custom_padding__hover=&#8221;|||&#8221;][et_pb_text admin_label=&#8221;Liability and disclaimer&#8221; _builder_version=&#8221;4.8.2&#8243; text_font=&#8221;||||||||&#8221; text_font_size=&#8221;17px&#8221; text_line_height=&#8221;1.6em&#8221; header_font=&#8221;Noto Serif||||||||&#8221; header_font_size=&#8221;34px&#8221; header_2_font=&#8221;Noto Serif||||||||&#8221; header_2_font_size=&#8221;34px&#8221; header_2_line_height=&#8221;1.4em&#8221; header_3_font=&#8221;Noto Serif||||||||&#8221; header_3_font_size=&#8221;26px&#8221; header_4_font=&#8221;Noto Serif|700|||||||&#8221; header_4_font_size=&#8221;17px&#8221; header_2_font_size_tablet=&#8221;30px&#8221; header_2_font_size_phone=&#8221;24px&#8221; header_2_font_size_last_edited=&#8221;on|phone&#8221; locked=&#8221;off&#8221;]<\/p>\n<h3>Haftung und Haftungsausschluss<\/h3>\n<p>Die auf dieser Website ge\u00e4u\u00dferten Ansichten liegen in der alleinigen Verantwortung der Autoren und Herausgeber. Die hier verwendeten Argumente spiegeln nicht unbedingt die offiziellen Ansichten der Europ\u00e4ischen Kommission wider. Weder die Europ\u00e4ische Kommission noch eine im Namen der Kommission handelnde Person ist f\u00fcr die Verwendung der auf dieser Website bereitgestellten Informationen verantwortlich.<\/p>\n<p>Alle auf dieser Website enthaltenen Aussagen, Ergebnisse usw. wurden von den Autoren und Autorinnen nach bestem Wissen und Gewissen zusammengestellt und von Donau Soja gewissenhaft \u00fcberpr\u00fcft. Dennoch k\u00f6nnen Fehler nicht g\u00e4nzlich ausgeschlossen werden. Die Herausgeberin und die Autoren und Autorinnen unterliegen daher keinerlei Verpflichtung und geben keinerlei Garantien bez\u00fcglich der Aussagen etc. ab; sie \u00fcbernehmen auch keine Verantwortung oder Haftung f\u00fcr darin enthaltene m\u00f6gliche Fehler.<\/p>\n<p>[\/et_pb_text][\/et_pb_column][et_pb_column type=&#8221;1_4&#8243; _builder_version=&#8221;3.25&#8243; custom_padding=&#8221;|||&#8221; custom_padding__hover=&#8221;|||&#8221;][\/et_pb_column][\/et_pb_row][et_pb_row column_structure=&#8221;3_4,1_4&#8243; use_custom_gutter=&#8221;on&#8221; gutter_width=&#8221;2&#8243; _builder_version=&#8221;3.25&#8243; locked=&#8221;off&#8221;][et_pb_column type=&#8221;3_4&#8243; _builder_version=&#8221;3.25&#8243; custom_padding=&#8221;|||&#8221; custom_padding__hover=&#8221;|||&#8221;][et_pb_text admin_label=&#8221;Links&#8221; _builder_version=&#8221;4.8.2&#8243; text_font=&#8221;||||||||&#8221; text_font_size=&#8221;17px&#8221; text_line_height=&#8221;1.6em&#8221; header_font=&#8221;Noto Serif||||||||&#8221; header_font_size=&#8221;34px&#8221; header_2_font=&#8221;Noto Serif||||||||&#8221; header_2_font_size=&#8221;34px&#8221; header_2_line_height=&#8221;1.4em&#8221; header_3_font=&#8221;Noto Serif||||||||&#8221; header_3_font_size=&#8221;26px&#8221; header_4_font=&#8221;Noto Serif|700|||||||&#8221; header_4_font_size=&#8221;17px&#8221; header_2_font_size_tablet=&#8221;30px&#8221; header_2_font_size_phone=&#8221;24px&#8221; header_2_font_size_last_edited=&#8221;on|phone&#8221; locked=&#8221;off&#8221;]<\/p>\n<h3>Links<\/h3>\n<p>Die Links auf dieser Seite dienen nur zu Informationszwecken. Donau Soja ist nicht verantwortlich f\u00fcr die Verf\u00fcgbarkeit oder den Inhalt dieser Seiten. Dar\u00fcber hinaus ist die Bereitstellung von Links zu diesen Seiten nicht als Billigung oder Zustimmung von Donau Soja auszulegen.<\/p>\n<p>[\/et_pb_text][\/et_pb_column][et_pb_column type=&#8221;1_4&#8243; _builder_version=&#8221;3.25&#8243; custom_padding=&#8221;|||&#8221; custom_padding__hover=&#8221;|||&#8221;][\/et_pb_column][\/et_pb_row][et_pb_row column_structure=&#8221;3_4,1_4&#8243; use_custom_gutter=&#8221;on&#8221; gutter_width=&#8221;2&#8243; _builder_version=&#8221;4.7.1&#8243; locked=&#8221;off&#8221;][et_pb_column type=&#8221;3_4&#8243; _builder_version=&#8221;3.25&#8243; custom_padding=&#8221;|||&#8221; custom_padding__hover=&#8221;|||&#8221;][et_pb_text admin_label=&#8221;Pictures&#8221; _builder_version=&#8221;4.8.2&#8243; text_font=&#8221;||||||||&#8221; text_font_size=&#8221;17px&#8221; text_line_height=&#8221;1.6em&#8221; header_font=&#8221;Noto Serif||||||||&#8221; header_font_size=&#8221;34px&#8221; header_2_font=&#8221;Noto Serif||||||||&#8221; header_2_font_size=&#8221;34px&#8221; header_2_line_height=&#8221;1.4em&#8221; header_3_font=&#8221;Noto Serif||||||||&#8221; header_3_font_size=&#8221;26px&#8221; header_4_font=&#8221;Noto Serif|700|||||||&#8221; header_4_font_size=&#8221;17px&#8221; header_2_font_size_tablet=&#8221;30px&#8221; header_2_font_size_phone=&#8221;24px&#8221; header_2_font_size_last_edited=&#8221;on|phone&#8221; locked=&#8221;off&#8221;]<\/p>\n<h3>Bilder<\/h3>\n<p>Das Bildmaterial (Fotos, Grafiken \u2026) ist Eigentum von Legume Hub \/ Donau Soja GmbH oder wurde Legume Hub \/ Donau Soja GmbH von den jeweiligen Eigent\u00fcmerInnen f\u00fcr diesen Zweck (Darstellung im Rahmen der www.legumehub.eu) zur Verf\u00fcgung gestellt und ist nach \u00a7 3 Abs. 1 und 2 des Urheberrechtsgesetzes urheberrechtlich gesch\u00fctzt.<\/p>\n<p>Bitte beachten Sie die Hinweise beim Bildmaterial. Verwendete Bilddatenbank: Shutterstock \u2013 Bitte beachten Sie, dass das Bildmaterial nur f\u00fcr die Darstellung auf www.legumehub.eu verwendet werden darf.<\/p>\n<p>[\/et_pb_text][\/et_pb_column][et_pb_column type=&#8221;1_4&#8243; _builder_version=&#8221;3.25&#8243; custom_padding=&#8221;|||&#8221; custom_padding__hover=&#8221;|||&#8221;][\/et_pb_column][\/et_pb_row][et_pb_row column_structure=&#8221;3_4,1_4&#8243; use_custom_gutter=&#8221;on&#8221; gutter_width=&#8221;2&#8243; _builder_version=&#8221;4.7.1&#8243; locked=&#8221;off&#8221;][et_pb_column type=&#8221;3_4&#8243; _builder_version=&#8221;3.25&#8243; custom_padding=&#8221;|||&#8221; custom_padding__hover=&#8221;|||&#8221;][et_pb_text admin_label=&#8221;Privacy Policy&#8221; _builder_version=&#8221;4.8.2&#8243; text_font=&#8221;||||||||&#8221; text_font_size=&#8221;17px&#8221; text_line_height=&#8221;1.6em&#8221; header_font=&#8221;Noto Serif||||||||&#8221; header_font_size=&#8221;34px&#8221; header_2_font=&#8221;Noto Serif||||||||&#8221; header_2_font_size=&#8221;34px&#8221; header_2_line_height=&#8221;1.4em&#8221; header_3_font=&#8221;Noto Serif||||||||&#8221; header_3_font_size=&#8221;26px&#8221; header_4_font=&#8221;Noto Serif|700|||||||&#8221; header_4_font_size=&#8221;17px&#8221; header_2_font_size_tablet=&#8221;30px&#8221; header_2_font_size_phone=&#8221;24px&#8221; header_2_font_size_last_edited=&#8221;on|phone&#8221; locked=&#8221;off&#8221;]<\/p>\n<h2>Datenschutzerkl\u00e4rung<\/h2>\n<p><a href=\"https:\/\/www.legumehub.eu\/de\/datenschutz\/\">Hier finden Sie unsere Datenschutzerkl\u00e4rung.<\/a><\/p>\n<p>[\/et_pb_text][\/et_pb_column][et_pb_column type=&#8221;1_4&#8243; _builder_version=&#8221;3.25&#8243; custom_padding=&#8221;|||&#8221; custom_padding__hover=&#8221;|||&#8221;][\/et_pb_column][\/et_pb_row][\/et_pb_section]<\/p>\n","protected":false},"excerpt":{"rendered":"<p>[et_pb_section fb_built=&#8221;1&#8243; admin_label=&#8221;Section New Header&#8221; _builder_version=&#8221;4.8.2&#8243; _module_preset=&#8221;default&#8221; use_background_color_gradient=&#8221;on&#8221; background_color_gradient_start=&#8221;#d0df90&#8243; background_color_gradient_end=&#8221;rgba(0,0,0,0)&#8221; background_color_gradient_direction=&#8221;90deg&#8221; background_color_gradient_start_position=&#8221;28%&#8221; background_color_gradient_overlays_image=&#8221;on&#8221; background_image=&#8221;https:\/\/www.legumehub.eu\/wp-content\/uploads\/2020\/09\/legumehub-IMPRINT-donau-soja-c-shutterstock_486145288-1.jpg&#8221; custom_margin=&#8221;130px||||false|false&#8221; custom_padding=&#8221;||0px||false|false&#8221; locked=&#8221;off&#8221;][et_pb_row _builder_version=&#8221;4.8.2&#8243; _module_preset=&#8221;default&#8221; custom_margin=&#8221;0px||0px||false|false&#8221; custom_padding=&#8221;0px||0px||false|false&#8221;][et_pb_column type=&#8221;4_4&#8243; _builder_version=&#8221;4.8.2&#8243; _module_preset=&#8221;default&#8221;][et_pb_text admin_label=&#8221;Page Headline &#8221; _builder_version=&#8221;4.8.2&#8243; text_font=&#8221;||||||||&#8221; text_line_height=&#8221;2em&#8221; header_font=&#8221;Noto Serif||||||||&#8221; header_text_align=&#8221;left&#8221; header_text_color=&#8221;#FFFFFF&#8221; header_font_size=&#8221;54px&#8221; header_2_font=&#8221;||||||||&#8221; header_5_font=&#8221;||||||||&#8221; header_6_font=&#8221;Source Sans Pro|||on|||||&#8221; header_6_font_size=&#8221;24px&#8221; header_6_letter_spacing=&#8221;8px&#8221; header_6_line_height=&#8221;1.8em&#8221; text_orientation=&#8221;center&#8221; background_layout=&#8221;dark&#8221; max_width=&#8221;100%&#8221; max_width_tablet=&#8221;&#8221; max_width_phone=&#8221;&#8221; max_width_last_edited=&#8221;on|tablet&#8221; module_alignment=&#8221;left&#8221; custom_margin=&#8221;0px||0px||false|false&#8221; custom_padding=&#8221;25px||0px||false|false&#8221; animation_style=&#8221;slide&#8221; animation_intensity_slide=&#8221;4%&#8221; header_font_size_tablet=&#8221;42px&#8221; [&hellip;]<\/p>\n","protected":false},"author":2,"featured_media":20543,"parent":0,"menu_order":0,"comment_status":"closed","ping_status":"closed","template":"","meta":{"_et_pb_use_builder":"on","_et_pb_old_content":"","_et_gb_content_width":"","footnotes":""},"class_list":["post-5406","page","type-page","status-publish","has-post-thumbnail","hentry"],"_links":{"self":[{"href":"https:\/\/legumehub.eu\/de\/wp-json\/wp\/v2\/pages\/5406","targetHints":{"allow":["GET"]}}],"collection":[{"href":"https:\/\/legumehub.eu\/de\/wp-json\/wp\/v2\/pages"}],"about":[{"href":"https:\/\/legumehub.eu\/de\/wp-json\/wp\/v2\/types\/page"}],"author":[{"embeddable":true,"href":"https:\/\/legumehub.eu\/de\/wp-json\/wp\/v2\/users\/2"}],"replies":[{"embeddable":true,"href":"https:\/\/legumehub.eu\/de\/wp-json\/wp\/v2\/comments?post=5406"}],"version-history":[{"count":0,"href":"https:\/\/legumehub.eu\/de\/wp-json\/wp\/v2\/pages\/5406\/revisions"}],"wp:featuredmedia":[{"embeddable":true,"href":"https:\/\/legumehub.eu\/de\/wp-json\/wp\/v2\/media\/20543"}],"wp:attachment":[{"href":"https:\/\/legumehub.eu\/de\/wp-json\/wp\/v2\/media?parent=5406"}],"curies":[{"name":"wp","href":"https:\/\/api.w.org\/{rel}","templated":true}]}}