{"id":44104,"date":"2025-04-22T12:15:41","date_gmt":"2025-04-22T12:15:41","guid":{"rendered":"https:\/\/www.legumehub.eu\/?page_id=44104"},"modified":"2025-04-22T12:15:55","modified_gmt":"2025-04-22T12:15:55","slug":"legunet","status":"publish","type":"page","link":"https:\/\/legumehub.eu\/de\/legunet\/","title":{"rendered":"LeguNet"},"content":{"rendered":"<p>[et_pb_section fb_built=&#8221;1&#8243; custom_padding_last_edited=&#8221;on|desktop&#8221; disabled_on=&#8221;off|off|off&#8221; admin_label=&#8221;Header LT&#8221; _builder_version=&#8221;4.8.2&#8243; custom_padding=&#8221;140px||0px||false|false&#8221; custom_padding_tablet=&#8221;120px||20px||false|false&#8221; custom_padding_phone=&#8221;120px||20px||false|false&#8221; locked=&#8221;off&#8221; collapsed=&#8221;off&#8221;][et_pb_row disabled_on=&#8221;on|on|on&#8221; _builder_version=&#8221;4.5.6&#8243; custom_margin=&#8221;||0px||false|false&#8221; custom_padding=&#8221;||0px||false|false&#8221; disabled=&#8221;on&#8221;][et_pb_column type=&#8221;4_4&#8243; _builder_version=&#8221;3.25&#8243; custom_padding=&#8221;|||&#8221; custom_padding__hover=&#8221;|||&#8221;][et_pb_divider color=&#8221;#ffca67&#8243; divider_weight=&#8221;3px&#8221; _builder_version=&#8221;4.5.6&#8243; max_width=&#8221;80px&#8221; height=&#8221;3px&#8221; locked=&#8221;off&#8221;][\/et_pb_divider][\/et_pb_column][\/et_pb_row][\/et_pb_section][et_pb_section fb_built=&#8221;1&#8243; admin_label=&#8221;Content&#8221; _builder_version=&#8221;4.8.2&#8243; _module_preset=&#8221;default&#8221; custom_padding=&#8221;20px||20px||false|false&#8221;][et_pb_row column_structure=&#8221;3_4,1_4&#8243; _builder_version=&#8221;4.8.2&#8243; custom_margin=&#8221;||0px||false|false&#8221; custom_padding=&#8221;||||false|false&#8221; locked=&#8221;off&#8221;][et_pb_column type=&#8221;3_4&#8243; _builder_version=&#8221;3.25&#8243; custom_padding=&#8221;|||&#8221; custom_padding__hover=&#8221;|||&#8221;][et_pb_text admin_label=&#8221;Headline&#8221; _builder_version=&#8221;4.8.2&#8243; _dynamic_attributes=&#8221;content&#8221; text_font=&#8221;Open Sans||||||||&#8221; text_font_size=&#8221;20px&#8221; text_line_height=&#8221;2em&#8221; header_font=&#8221;Noto Serif||||||||&#8221; header_font_size=&#8221;34px&#8221; header_2_font=&#8221;Noto Serif||||||||&#8221; header_2_font_size=&#8221;40px&#8221; header_2_line_height=&#8221;1.4em&#8221; custom_margin=&#8221;||20px||false|false&#8221; custom_padding_tablet=&#8221;&#8221; custom_padding_phone=&#8221;|10px||10px|false|false&#8221; custom_padding_last_edited=&#8221;on|phone&#8221; header_font_size_tablet=&#8221;34px&#8221; header_font_size_phone=&#8221;28px&#8221; header_font_size_last_edited=&#8221;on|phone&#8221; header_2_font_size_tablet=&#8221;30px&#8221; header_2_font_size_phone=&#8221;24px&#8221; header_2_font_size_last_edited=&#8221;on|phone&#8221; locked=&#8221;off&#8221;]@ET-DC@eyJkeW5hbWljIjp0cnVlLCJjb250ZW50IjoicG9zdF90aXRsZSIsInNldHRpbmdzIjp7ImJlZm9yZSI6IjxoMT4iLCJhZnRlciI6IjwvaDE+In19@[\/et_pb_text][et_pb_divider color=&#8221;#ffca67&#8243; divider_weight=&#8221;3px&#8221; _builder_version=&#8221;4.8.2&#8243; max_width=&#8221;80px&#8221; height=&#8221;3px&#8221; animation_style=&#8221;slide&#8221; animation_intensity_slide=&#8221;4%&#8221; locked=&#8221;off&#8221;][\/et_pb_divider][\/et_pb_column][et_pb_column type=&#8221;1_4&#8243; _builder_version=&#8221;3.25&#8243; custom_padding=&#8221;|||&#8221; custom_padding__hover=&#8221;|||&#8221;][\/et_pb_column][\/et_pb_row][et_pb_row column_structure=&#8221;3_4,1_4&#8243; _builder_version=&#8221;4.8.2&#8243; custom_margin=&#8221;||0px||false|false&#8221; custom_padding=&#8221;0px||||false|false&#8221; locked=&#8221;off&#8221;][et_pb_column type=&#8221;3_4&#8243; _builder_version=&#8221;3.25&#8243; custom_padding=&#8221;|||&#8221; custom_padding__hover=&#8221;|||&#8221;][et_pb_text admin_label=&#8221;Einleitung&#8221; _builder_version=&#8221;4.8.2&#8243; text_font=&#8221;||||||||&#8221; text_font_size=&#8221;17px&#8221; text_line_height=&#8221;1.6em&#8221; header_font=&#8221;Noto Serif||||||||&#8221; header_font_size=&#8221;34px&#8221; header_2_font=&#8221;Noto Serif||||||||&#8221; header_2_font_size=&#8221;34px&#8221; header_2_line_height=&#8221;1.4em&#8221; header_3_font=&#8221;Noto Serif||||||||&#8221; header_3_font_size=&#8221;26px&#8221; header_4_font=&#8221;Noto Serif|700|||||||&#8221; header_4_font_size=&#8221;17px&#8221; header_2_font_size_tablet=&#8221;30px&#8221; header_2_font_size_phone=&#8221;24px&#8221; header_2_font_size_last_edited=&#8221;on|phone&#8221; locked=&#8221;off&#8221;]Im Rahmen der bundesweiten Eiwei\u00dfpflanzen\u00adstrategie setzt das LeguNet die Arbeit von drei Netzwerken zu Erbse\/Bohne, Lupine und Soja fort und b\u00fcndelt das Wissen rund um alle K\u00f6rnerleguminosen. In Deutschland eher selten angebaute Kulturen wie Kichererbsen und Linsen sind ebenfalls in das Netzwerk integriert, denn durch Klimaver\u00e4nderungen steigt auch ihr Anbaupotenzial. LeguNet will den Selbstversorgungsgrad mit K\u00f6rnerleguminosen in Deutschland mit verschiedenen Ma\u00dfnahmen steigern.[\/et_pb_text][et_pb_divider color=&#8221;#ffca67&#8243; divider_weight=&#8221;3px&#8221; _builder_version=&#8221;4.8.2&#8243; max_width=&#8221;80px&#8221; height=&#8221;3px&#8221; animation_style=&#8221;slide&#8221; animation_intensity_slide=&#8221;4%&#8221; locked=&#8221;off&#8221;][\/et_pb_divider][\/et_pb_column][et_pb_column type=&#8221;1_4&#8243; _builder_version=&#8221;3.25&#8243; custom_padding=&#8221;|||&#8221; custom_padding__hover=&#8221;|||&#8221;][\/et_pb_column][\/et_pb_row][et_pb_row column_structure=&#8221;3_4,1_4&#8243; disabled_on=&#8221;off|off|off&#8221; admin_label=&#8221;logo und graue kastl&#8221; _builder_version=&#8221;4.8.2&#8243; _module_preset=&#8221;default&#8221;][et_pb_column type=&#8221;3_4&#8243; _builder_version=&#8221;4.8.2&#8243; _module_preset=&#8221;default&#8221;][et_pb_text disabled_on=&#8221;on|on|on&#8221; admin_label=&#8221;headline project leogo&#8221; _builder_version=&#8221;4.8.2&#8243; text_font=&#8221;||||||||&#8221; text_font_size=&#8221;17px&#8221; text_line_height=&#8221;1.6em&#8221; header_font=&#8221;Noto Serif||||||||&#8221; header_font_size=&#8221;34px&#8221; header_2_font=&#8221;Noto Serif||||||||&#8221; header_2_font_size=&#8221;34px&#8221; header_2_line_height=&#8221;1.4em&#8221; header_3_font=&#8221;Noto Serif||||||||&#8221; header_3_font_size=&#8221;26px&#8221; header_4_font=&#8221;Noto Serif|700|||||||&#8221; header_4_font_size=&#8221;17px&#8221; header_2_font_size_tablet=&#8221;30px&#8221; header_2_font_size_phone=&#8221;24px&#8221; header_2_font_size_last_edited=&#8221;on|phone&#8221; disabled=&#8221;on&#8221; locked=&#8221;off&#8221;]<\/p>\n<h4><strong>Projektlogo<\/strong><\/h4>\n<p>[\/et_pb_text][et_pb_image src=&#8221;https:\/\/www.legumehub.eu\/wp-content\/uploads\/2020\/09\/Logo_LeguNet.jpg&#8221; title_text=&#8221;Logo_LeguNet&#8221; admin_label=&#8221;project logo&#8221; _builder_version=&#8221;4.8.2&#8243; _module_preset=&#8221;default&#8221; background_color=&#8221;RGBA(0,0,0,0)&#8221; background_enable_image=&#8221;off&#8221; module_alignment=&#8221;left&#8221; min_height=&#8221;100px&#8221; height=&#8221;100px&#8221; max_height=&#8221;100px&#8221;][\/et_pb_image][\/et_pb_column][et_pb_column type=&#8221;1_4&#8243; _builder_version=&#8221;4.8.2&#8243; _module_preset=&#8221;default&#8221;][\/et_pb_column][\/et_pb_row][et_pb_row column_structure=&#8221;1_3,1_3,1_3&#8243; _builder_version=&#8221;4.8.2&#8243; _module_preset=&#8221;default&#8221; custom_margin=&#8221;-30px||||false|false&#8221; collapsed=&#8221;off&#8221;][et_pb_column type=&#8221;1_3&#8243; _builder_version=&#8221;4.8.2&#8243; _module_preset=&#8221;default&#8221;][et_pb_blurb title=&#8221;Weiterf\u00fchrende Links&#8221; use_icon=&#8221;on&#8221; font_icon=&#8221;%%136%%&#8221; icon_color=&#8221;#444444&#8243; icon_placement=&#8221;left&#8221; content_max_width=&#8221;800px&#8221; disabled_on=&#8221;off|off|off&#8221; admin_label=&#8221;Related Links&#8221; _builder_version=&#8221;4.8.2&#8243; _module_preset=&#8221;default&#8221; header_level=&#8221;h3&#8243; header_font_size=&#8221;18px&#8221; background_color=&#8221;#ebece7&#8243; custom_margin=&#8221;50px||||false|false&#8221; custom_padding=&#8221;50px|20px|50px|20px|false|false&#8221;]<a href=\"https:\/\/www.legunet.de\/\" target=\"_blank\" rel=\"noopener\">https:\/\/www.legunet.de\/<\/a><br \/>\n[\/et_pb_blurb][\/et_pb_column][et_pb_column type=&#8221;1_3&#8243; _builder_version=&#8221;4.7.2&#8243; _module_preset=&#8221;default&#8221;][et_pb_blurb title=&#8221;Artikel und Videos auf dem Hub&#8221; use_icon=&#8221;on&#8221; font_icon=&#8221;%%71%%&#8221; icon_color=&#8221;#444444&#8243; icon_placement=&#8221;left&#8221; content_max_width=&#8221;800px&#8221; disabled_on=&#8221;on|on|on&#8221; admin_label=&#8221;Contributions&#8221; _builder_version=&#8221;4.8.2&#8243; _module_preset=&#8221;default&#8221; header_level=&#8221;h3&#8243; header_font_size=&#8221;18px&#8221; background_color=&#8221;#ebece7&#8243; custom_margin=&#8221;50px||||false|false&#8221; custom_padding=&#8221;50px|20px|50px|20px|false|false&#8221; hover_enabled=&#8221;0&#8243; sticky_enabled=&#8221;0&#8243; disabled=&#8221;on&#8221;]<a href=\"https:\/\/www.legumehub.eu\/de\/globale-suche\/?search=LeguNet\" target=\"_blank\" rel=\"noopener\">Alle Beitr\u00e4ge anzeigen<\/a>[\/et_pb_blurb][\/et_pb_column][et_pb_column type=&#8221;1_3&#8243; _builder_version=&#8221;4.7.2&#8243; _module_preset=&#8221;default&#8221;][\/et_pb_column][\/et_pb_row][et_pb_row column_structure=&#8221;3_4,1_4&#8243; disabled_on=&#8221;off|off|off&#8221; admin_label=&#8221;content einspaltig, unter logo&#8221; _builder_version=&#8221;4.8.2&#8243; _module_preset=&#8221;default&#8221;][et_pb_column type=&#8221;3_4&#8243; _builder_version=&#8221;4.8.2&#8243; _module_preset=&#8221;default&#8221;][et_pb_text admin_label=&#8221;consortium&#8221; _builder_version=&#8221;4.8.2&#8243; text_font=&#8221;||||||||&#8221; text_font_size=&#8221;17px&#8221; text_line_height=&#8221;1.6em&#8221; header_font=&#8221;Noto Serif||||||||&#8221; header_font_size=&#8221;34px&#8221; header_2_font=&#8221;Noto Serif||||||||&#8221; header_2_font_size=&#8221;34px&#8221; header_2_line_height=&#8221;1.4em&#8221; header_3_font=&#8221;Noto Serif||||||||&#8221; header_3_font_size=&#8221;26px&#8221; header_4_font=&#8221;Noto Serif|700|||||||&#8221; header_4_font_size=&#8221;17px&#8221; custom_margin=&#8221;60px||||false|false&#8221; header_2_font_size_tablet=&#8221;30px&#8221; header_2_font_size_phone=&#8221;24px&#8221; header_2_font_size_last_edited=&#8221;on|phone&#8221; locked=&#8221;off&#8221;]<\/p>\n<h3>Projektkonsortium<\/h3>\n<p>Dieses Projekt wird vom Landesbetrieb Landwirtschaft Hessen (LLH) koordiniert. Die Partner sind:<br \/>\n[\/et_pb_text][et_pb_image src=&#8221;https:\/\/www.legumehub.eu\/wp-content\/uploads\/2025\/04\/Projektpartner_Bild_0523.jpg&#8221; title_text=&#8221;Projektpartner_Bild_0523&#8243; _builder_version=&#8221;4.8.2&#8243; _module_preset=&#8221;default&#8221;][\/et_pb_image][et_pb_text admin_label=&#8221;Ziele des Projekts \u00dcberschrift&#8221; _builder_version=&#8221;4.8.2&#8243; text_font=&#8221;||||||||&#8221; text_font_size=&#8221;17px&#8221; text_line_height=&#8221;1.6em&#8221; header_font=&#8221;Noto Serif||||||||&#8221; header_font_size=&#8221;34px&#8221; header_2_font=&#8221;Noto Serif||||||||&#8221; header_2_font_size=&#8221;34px&#8221; header_2_line_height=&#8221;1.4em&#8221; header_3_font=&#8221;Noto Serif||||||||&#8221; header_3_font_size=&#8221;26px&#8221; header_4_font=&#8221;Noto Serif|700|||||||&#8221; header_4_font_size=&#8221;17px&#8221; custom_margin=&#8221;80px||||false|false&#8221; header_2_font_size_tablet=&#8221;30px&#8221; header_2_font_size_phone=&#8221;24px&#8221; header_2_font_size_last_edited=&#8221;on|phone&#8221; locked=&#8221;off&#8221;]<\/p>\n<h3><\/h3>\n<h3>Ziele des Projekts<\/h3>\n<div>\n<div>LeguNet will den Selbstversorgungsgrad mit K\u00f6rnerleguminosen in Deutschland mit vielen Ma\u00dfnahmen steigern:<\/div>\n<div><\/div>\n<\/div>\n<p>[\/et_pb_text][et_pb_text admin_label=&#8221;Ziele Inhalt&#8221; _builder_version=&#8221;4.8.2&#8243; text_font=&#8221;||||||||&#8221; text_font_size=&#8221;17px&#8221; text_line_height=&#8221;1.6em&#8221; header_font=&#8221;Noto Serif||||||||&#8221; header_font_size=&#8221;34px&#8221; header_2_font=&#8221;Noto Serif||||||||&#8221; header_2_font_size=&#8221;34px&#8221; header_2_line_height=&#8221;1.4em&#8221; header_3_font=&#8221;Noto Serif||||||||&#8221; header_3_font_size=&#8221;26px&#8221; header_4_font=&#8221;Noto Serif|700|||||||&#8221; header_4_font_size=&#8221;17px&#8221; header_2_font_size_tablet=&#8221;30px&#8221; header_2_font_size_phone=&#8221;24px&#8221; header_2_font_size_last_edited=&#8221;on|phone&#8221; locked=&#8221;off&#8221;]<\/p>\n<ul>\n<li>\n<div>Die zahlreichen Nutzungsm\u00f6glichkeiten aufzeigen und landwirtschaftliche Betriebe f\u00fcr den Anbau gewinnen.<\/div>\n<\/li>\n<li>\n<div>Die Akteure der Branche vernetzen und neue Absatzm\u00e4rkte erschlie\u00dfen.<\/div>\n<\/li>\n<li>\n<div>Innovationen im Futter- und Lebensmittelbereich unterst\u00fctzen.<\/div>\n<\/li>\n<li>\n<div>Mit Wissenstransferma\u00dfnahmen Anbau und Verwertung f\u00f6rdern.<\/div>\n<\/li>\n<li>\n<div>Das LeguNet mit Forschungs- und Entwicklungsvorhaben zur Eiwei\u00dfpflanzenstrategie verbinden.<\/div>\n<\/li>\n<\/ul>\n<p>[\/et_pb_text][et_pb_image src=&#8221;https:\/\/www.legumehub.eu\/wp-content\/uploads\/2025\/04\/legunet_website.jpg&#8221; title_text=&#8221;legunet_website&#8221; _builder_version=&#8221;4.8.2&#8243; _module_preset=&#8221;default&#8221;][\/et_pb_image][et_pb_text admin_label=&#8221;Wissenstransfer\/Links&#8221; _builder_version=&#8221;4.8.2&#8243; text_font=&#8221;||||||||&#8221; text_font_size=&#8221;17px&#8221; text_line_height=&#8221;1.6em&#8221; header_font=&#8221;Noto Serif||||||||&#8221; header_font_size=&#8221;34px&#8221; header_2_font=&#8221;Noto Serif||||||||&#8221; header_2_font_size=&#8221;34px&#8221; header_2_line_height=&#8221;1.4em&#8221; header_3_font=&#8221;Noto Serif||||||||&#8221; header_3_font_size=&#8221;26px&#8221; header_4_font=&#8221;Noto Serif|700|||||||&#8221; header_4_font_size=&#8221;17px&#8221; custom_margin=&#8221;80px||||false|false&#8221; header_2_font_size_tablet=&#8221;30px&#8221; header_2_font_size_phone=&#8221;24px&#8221; header_2_font_size_last_edited=&#8221;on|phone&#8221; locked=&#8221;off&#8221;]<\/p>\n<h3><\/h3>\n<h3>Wissenstransfer<\/h3>\n<div>\n<div>\n<div>Vorhandenes und im Projekt gewonnenes Wissen wird gesammelt, geb\u00fcndelt und so aufbereitet, dass es allen Interessierten zur Verf\u00fcgung steht. Die Zielgruppe umfasst unter anderem\u00a0Erzeugende, Verbrauchende sowie Bildungseinrichtungen. Hier finden Sie einige Direktlinks zum umfangreichen Informationsangebot:<\/div>\n<p>&nbsp;<\/p>\n<ul>\n<li><a href=\"https:\/\/www.legunet.de\/anbau\/anbau-\/-kultur\" target=\"_blank\" rel=\"noopener\">Anbau, Ernte und Trocknung von Ackerbohne, Erbse, Lupine, Soja, Linse, Kichererbse und Trockenbohne<\/a><\/li>\n<li><a href=\"https:\/\/www.legunet.de\/fuetterung\/fuetterung-von-koernerleguminosen\" target=\"_blank\" rel=\"noopener\">Verarbeitung von K\u00f6rnerleguminosen zu Futtermitteln mit Rationsbeispiele aus den Netzwerken f\u00fcr Rinder, Schweine und Gefl\u00fcgel<\/a><\/li>\n<li><a href=\"https:\/\/www.legunet.de\/ernaehrung\/wissenswertes\" target=\"_blank\" rel=\"noopener\">Wissenswertes zu H\u00fclsenfr\u00fcchten in der menschlichen Ern\u00e4hrung<\/a><\/li>\n<li><a href=\"https:\/\/www.legunet.de\/projekt\/presse\" target=\"_blank\" rel=\"noopener\">Das LeguNet ist mit Artikeln in Fachzeitschriften, in der Presse und auf Veranstaltungen pr\u00e4sent.<\/a><\/li>\n<\/ul>\n<p>Au\u00dferdem kann man sich auf der Website zum Newsletter anmelden, der \u00fcber Neuigkeiten aus dem Netzwerk sowie Praxis und Forschung informiert.<\/p>\n<\/div>\n<div><\/div>\n<\/div>\n<p>[\/et_pb_text][et_pb_text admin_label=&#8221;Projektflyer&#8221; _builder_version=&#8221;4.8.2&#8243; text_font=&#8221;||||||||&#8221; text_font_size=&#8221;17px&#8221; text_line_height=&#8221;1.6em&#8221; header_font=&#8221;Noto Serif||||||||&#8221; header_font_size=&#8221;34px&#8221; header_2_font=&#8221;Noto Serif||||||||&#8221; header_2_font_size=&#8221;34px&#8221; header_2_line_height=&#8221;1.4em&#8221; header_3_font=&#8221;Noto Serif||||||||&#8221; header_3_font_size=&#8221;26px&#8221; header_4_font=&#8221;Noto Serif|700|||||||&#8221; header_4_font_size=&#8221;17px&#8221; custom_margin=&#8221;80px||||false|false&#8221; header_2_font_size_tablet=&#8221;30px&#8221; header_2_font_size_phone=&#8221;24px&#8221; header_2_font_size_last_edited=&#8221;on|phone&#8221; locked=&#8221;off&#8221;]<\/p>\n<div>\n<h3>Projektflyer<\/h3>\n<\/div>\n<div>Verschaffen Sie sich einen \u00dcberblick im Projektflyer!<\/div>\n<p>[\/et_pb_text][et_pb_image src=&#8221;https:\/\/www.legumehub.eu\/wp-content\/uploads\/2025\/04\/Projektflyer_LeguNet.jpg&#8221; url=&#8221;https:\/\/www.legumehub.eu\/wp-content\/uploads\/2025\/04\/FB_LeguNet-RZ_2024.pdf&#8221; url_new_window=&#8221;on&#8221; _builder_version=&#8221;4.8.2&#8243; _module_preset=&#8221;default&#8221;][\/et_pb_image][\/et_pb_column][et_pb_column type=&#8221;1_4&#8243; _builder_version=&#8221;4.8.2&#8243; _module_preset=&#8221;default&#8221;][\/et_pb_column][\/et_pb_row][\/et_pb_section][et_pb_section fb_built=&#8221;1&#8243; _builder_version=&#8221;4.8.2&#8243; _module_preset=&#8221;default&#8221;][et_pb_row _builder_version=&#8221;4.8.2&#8243; _module_preset=&#8221;default&#8221; column_structure=&#8221;1_2,1_2&#8243; custom_margin=&#8221;-60px||||false|false&#8221; hover_enabled=&#8221;0&#8243; sticky_enabled=&#8221;0&#8243;][et_pb_column _builder_version=&#8221;4.8.2&#8243; _module_preset=&#8221;default&#8221; type=&#8221;1_2&#8243;][et_pb_text _builder_version=&#8221;4.8.2&#8243; _module_preset=&#8221;default&#8221; hover_enabled=&#8221;0&#8243; sticky_enabled=&#8221;0&#8243;]<\/p>\n<h3>Danksagung<\/h3>\n<p>[\/et_pb_text][et_pb_image _builder_version=&#8221;4.8.2&#8243; _module_preset=&#8221;default&#8221; hover_enabled=&#8221;0&#8243; sticky_enabled=&#8221;0&#8243; title_text=&#8221;csm_LeguNet_Foerderlogo_mit_EPS_Rand_kleiner_d4f898cb9e&#8221; src=&#8221;https:\/\/www.legumehub.eu\/wp-content\/uploads\/2025\/04\/csm_LeguNet_Foerderlogo_mit_EPS_Rand_kleiner_d4f898cb9e.jpg&#8221;][\/et_pb_image][\/et_pb_column][et_pb_column _builder_version=&#8221;4.8.2&#8243; _module_preset=&#8221;default&#8221; type=&#8221;1_2&#8243;][\/et_pb_column][\/et_pb_row][\/et_pb_section]<\/p>\n","protected":false},"excerpt":{"rendered":"<p>[et_pb_section fb_built=&#8221;1&#8243; custom_padding_last_edited=&#8221;on|desktop&#8221; disabled_on=&#8221;off|off|off&#8221; admin_label=&#8221;Header LT&#8221; _builder_version=&#8221;4.8.2&#8243; custom_padding=&#8221;140px||0px||false|false&#8221; custom_padding_tablet=&#8221;120px||20px||false|false&#8221; custom_padding_phone=&#8221;120px||20px||false|false&#8221; locked=&#8221;off&#8221; collapsed=&#8221;off&#8221;][et_pb_row disabled_on=&#8221;on|on|on&#8221; _builder_version=&#8221;4.5.6&#8243; custom_margin=&#8221;||0px||false|false&#8221; custom_padding=&#8221;||0px||false|false&#8221; disabled=&#8221;on&#8221;][et_pb_column type=&#8221;4_4&#8243; _builder_version=&#8221;3.25&#8243; custom_padding=&#8221;|||&#8221; custom_padding__hover=&#8221;|||&#8221;][et_pb_divider color=&#8221;#ffca67&#8243; divider_weight=&#8221;3px&#8221; _builder_version=&#8221;4.5.6&#8243; max_width=&#8221;80px&#8221; height=&#8221;3px&#8221; locked=&#8221;off&#8221;][\/et_pb_divider][\/et_pb_column][\/et_pb_row][\/et_pb_section][et_pb_section fb_built=&#8221;1&#8243; admin_label=&#8221;Content&#8221; _builder_version=&#8221;4.8.2&#8243; _module_preset=&#8221;default&#8221; custom_padding=&#8221;20px||20px||false|false&#8221;][et_pb_row column_structure=&#8221;3_4,1_4&#8243; _builder_version=&#8221;4.8.2&#8243; custom_margin=&#8221;||0px||false|false&#8221; custom_padding=&#8221;||||false|false&#8221; locked=&#8221;off&#8221;][et_pb_column type=&#8221;3_4&#8243; _builder_version=&#8221;3.25&#8243; custom_padding=&#8221;|||&#8221; custom_padding__hover=&#8221;|||&#8221;][et_pb_text admin_label=&#8221;Headline&#8221; _builder_version=&#8221;4.8.2&#8243; _dynamic_attributes=&#8221;content&#8221; text_font=&#8221;Open Sans||||||||&#8221; text_font_size=&#8221;20px&#8221; text_line_height=&#8221;2em&#8221; header_font=&#8221;Noto Serif||||||||&#8221; header_font_size=&#8221;34px&#8221; header_2_font=&#8221;Noto Serif||||||||&#8221; header_2_font_size=&#8221;40px&#8221; header_2_line_height=&#8221;1.4em&#8221; [&hellip;]<\/p>\n","protected":false},"author":400,"featured_media":0,"parent":0,"menu_order":0,"comment_status":"closed","ping_status":"closed","template":"","meta":{"_et_pb_use_builder":"on","_et_pb_old_content":"","_et_gb_content_width":"","footnotes":""},"class_list":["post-44104","page","type-page","status-publish","hentry"],"_links":{"self":[{"href":"https:\/\/legumehub.eu\/de\/wp-json\/wp\/v2\/pages\/44104","targetHints":{"allow":["GET"]}}],"collection":[{"href":"https:\/\/legumehub.eu\/de\/wp-json\/wp\/v2\/pages"}],"about":[{"href":"https:\/\/legumehub.eu\/de\/wp-json\/wp\/v2\/types\/page"}],"author":[{"embeddable":true,"href":"https:\/\/legumehub.eu\/de\/wp-json\/wp\/v2\/users\/400"}],"replies":[{"embeddable":true,"href":"https:\/\/legumehub.eu\/de\/wp-json\/wp\/v2\/comments?post=44104"}],"version-history":[{"count":38,"href":"https:\/\/legumehub.eu\/de\/wp-json\/wp\/v2\/pages\/44104\/revisions"}],"predecessor-version":[{"id":44500,"href":"https:\/\/legumehub.eu\/de\/wp-json\/wp\/v2\/pages\/44104\/revisions\/44500"}],"wp:attachment":[{"href":"https:\/\/legumehub.eu\/de\/wp-json\/wp\/v2\/media?parent=44104"}],"curies":[{"name":"wp","href":"https:\/\/api.w.org\/{rel}","templated":true}]}}