{"id":4303,"date":"2020-11-11T15:10:00","date_gmt":"2020-11-11T15:10:00","guid":{"rendered":"https:\/\/www.legumehub.eu\/?page_id=4303"},"modified":"2022-01-18T15:05:07","modified_gmt":"2022-01-18T15:05:07","slug":"gefluegel","status":"publish","type":"page","link":"https:\/\/legumehub.eu\/de\/koernerleguminosen-in-der-fuetterung-von-nutztieren\/gefluegel\/","title":{"rendered":"Gefl\u00fcgel"},"content":{"rendered":"<p>[et_pb_section fb_built=&#8221;1&#8243; admin_label=&#8221;Section New Header&#8221; _builder_version=&#8221;4.8.2&#8243; _module_preset=&#8221;default&#8221; use_background_color_gradient=&#8221;on&#8221; background_color_gradient_start=&#8221;#d0df90&#8243; background_color_gradient_end=&#8221;rgba(0,0,0,0)&#8221; background_color_gradient_direction=&#8221;90deg&#8221; background_color_gradient_overlays_image=&#8221;on&#8221; background_image=&#8221;https:\/\/www.legumehub.eu\/wp-content\/uploads\/2020\/09\/legumehub-POULTRY-donau-soja-c-shutterstock_1493052437-1.jpg&#8221; custom_margin=&#8221;130px||||false|false&#8221; custom_padding=&#8221;||0px||false|false&#8221; locked=&#8221;off&#8221;][et_pb_row _builder_version=&#8221;4.8.2&#8243; _module_preset=&#8221;default&#8221; custom_margin=&#8221;0px||0px||false|false&#8221; custom_padding=&#8221;0px||0px||false|false&#8221;][et_pb_column type=&#8221;4_4&#8243; _builder_version=&#8221;4.8.2&#8243; _module_preset=&#8221;default&#8221;][et_pb_text admin_label=&#8221;Page Headline&#8221; _builder_version=&#8221;4.8.2&#8243; text_font=&#8221;||||||||&#8221; text_line_height=&#8221;2em&#8221; header_font=&#8221;Noto Serif||||||||&#8221; header_text_align=&#8221;left&#8221; header_font_size=&#8221;54px&#8221; header_2_font=&#8221;||||||||&#8221; header_5_font=&#8221;||||||||&#8221; header_6_font=&#8221;Source Sans Pro|||on|||||&#8221; header_6_font_size=&#8221;24px&#8221; header_6_letter_spacing=&#8221;8px&#8221; header_6_line_height=&#8221;1.8em&#8221; text_orientation=&#8221;center&#8221; background_layout=&#8221;dark&#8221; max_width=&#8221;100%&#8221; max_width_tablet=&#8221;&#8221; max_width_phone=&#8221;&#8221; max_width_last_edited=&#8221;on|tablet&#8221; module_alignment=&#8221;left&#8221; custom_margin=&#8221;0px||0px||false|false&#8221; custom_padding=&#8221;25px||0px||false|false&#8221; animation_style=&#8221;slide&#8221; animation_intensity_slide=&#8221;4%&#8221; header_font_size_tablet=&#8221;42px&#8221; header_font_size_phone=&#8221;32px&#8221; header_font_size_last_edited=&#8221;on|tablet&#8221; text_font_size__hover=&#8221;14px&#8221; text_font_size__hover_enabled=&#8221;14px&#8221; text_letter_spacing__hover=&#8221;0px&#8221; text_letter_spacing__hover_enabled=&#8221;0px&#8221; text_line_height__hover=&#8221;1.7em&#8221; text_line_height__hover_enabled=&#8221;1.7em&#8221; text_text_shadow_style__hover=&#8221;none&#8221; text_text_shadow_style__hover_enabled=&#8221;none&#8221; text_text_shadow_color__hover=&#8221;rgba(0,0,0,0.4)&#8221; text_text_shadow_color__hover_enabled=&#8221;rgba(0,0,0,0.4)&#8221; link_font_size__hover=&#8221;14px&#8221; link_font_size__hover_enabled=&#8221;14px&#8221; link_letter_spacing__hover=&#8221;0px&#8221; link_letter_spacing__hover_enabled=&#8221;0px&#8221; link_line_height__hover=&#8221;1em&#8221; link_line_height__hover_enabled=&#8221;1em&#8221; link_text_shadow_style__hover=&#8221;none&#8221; link_text_shadow_style__hover_enabled=&#8221;none&#8221; link_text_shadow_color__hover=&#8221;rgba(0,0,0,0.4)&#8221; link_text_shadow_color__hover_enabled=&#8221;rgba(0,0,0,0.4)&#8221; ul_font_size__hover=&#8221;14px&#8221; ul_font_size__hover_enabled=&#8221;14px&#8221; ul_letter_spacing__hover=&#8221;0px&#8221; ul_letter_spacing__hover_enabled=&#8221;0px&#8221; ul_line_height__hover=&#8221;1em&#8221; ul_line_height__hover_enabled=&#8221;1em&#8221; ul_text_shadow_style__hover=&#8221;none&#8221; ul_text_shadow_style__hover_enabled=&#8221;none&#8221; ul_text_shadow_color__hover=&#8221;rgba(0,0,0,0.4)&#8221; ul_text_shadow_color__hover_enabled=&#8221;rgba(0,0,0,0.4)&#8221; ol_font_size__hover=&#8221;14px&#8221; ol_font_size__hover_enabled=&#8221;14px&#8221; ol_letter_spacing__hover=&#8221;0px&#8221; ol_letter_spacing__hover_enabled=&#8221;0px&#8221; ol_line_height__hover=&#8221;1em&#8221; ol_line_height__hover_enabled=&#8221;1em&#8221; ol_text_shadow_style__hover=&#8221;none&#8221; ol_text_shadow_style__hover_enabled=&#8221;none&#8221; ol_text_shadow_color__hover=&#8221;rgba(0,0,0,0.4)&#8221; ol_text_shadow_color__hover_enabled=&#8221;rgba(0,0,0,0.4)&#8221; quote_font_size__hover=&#8221;14px&#8221; quote_font_size__hover_enabled=&#8221;14px&#8221; quote_letter_spacing__hover=&#8221;0px&#8221; quote_letter_spacing__hover_enabled=&#8221;0px&#8221; quote_line_height__hover=&#8221;1em&#8221; quote_line_height__hover_enabled=&#8221;1em&#8221; quote_text_shadow_style__hover=&#8221;none&#8221; quote_text_shadow_style__hover_enabled=&#8221;none&#8221; quote_text_shadow_color__hover=&#8221;rgba(0,0,0,0.4)&#8221; quote_text_shadow_color__hover_enabled=&#8221;rgba(0,0,0,0.4)&#8221; text_orientation__hover=&#8221;left&#8221; text_orientation__hover_enabled=&#8221;left&#8221; background_layout__hover=&#8221;light&#8221; background_layout__hover_enabled=&#8221;light&#8221;]<\/p>\n<h1>Gefl\u00fcgel<\/h1>\n<p>[\/et_pb_text][\/et_pb_column][\/et_pb_row][\/et_pb_section][et_pb_section fb_built=&#8221;1&#8243; disabled_on=&#8221;off|off|off&#8221; admin_label=&#8221;Section #articles&#8221; module_id=&#8221;articles&#8221; _builder_version=&#8221;4.8.2&#8243; _module_preset=&#8221;default&#8221; background_color=&#8221;#eeeeee&#8221; custom_padding=&#8221;0px||0px||false|false&#8221; locked=&#8221;off&#8221; collapsed=&#8221;on&#8221;][et_pb_row _builder_version=&#8221;4.8.2&#8243; _module_preset=&#8221;default&#8221; custom_padding=&#8221;0px||0px||false|false&#8221;][et_pb_column type=&#8221;4_4&#8243; _builder_version=&#8221;4.8.2&#8243; _module_preset=&#8221;default&#8221;][et_pb_divider show_divider=&#8221;off&#8221; _builder_version=&#8221;4.8.2&#8243; _module_preset=&#8221;default&#8221; height=&#8221;0px&#8221;][\/et_pb_divider][\/et_pb_column][\/et_pb_row][\/et_pb_section][et_pb_section fb_built=&#8221;1&#8243; admin_label=&#8221;Search Articles&#8221; _builder_version=&#8221;4.8.2&#8243; background_color=&#8221;#eeeeee&#8221; custom_padding=&#8221;0px||6px|0px|false|false&#8221; sticky_position=&#8221;top&#8221; sticky_position_tablet=&#8221;none&#8221; sticky_position_phone=&#8221;&#8221; sticky_position_last_edited=&#8221;on|desktop&#8221; locked=&#8221;off&#8221; collapsed=&#8221;off&#8221;][et_pb_row column_structure=&#8221;2_3,1_3&#8243; use_custom_gutter=&#8221;on&#8221; gutter_width=&#8221;1&#8243; _builder_version=&#8221;4.8.2&#8243; width_tablet=&#8221;&#8221; width_phone=&#8221;98%&#8221; width_last_edited=&#8221;on|phone&#8221; module_alignment=&#8221;center&#8221; custom_padding=&#8221;12px||0px||false|false&#8221;][et_pb_column type=&#8221;2_3&#8243; _builder_version=&#8221;4.8.2&#8243; custom_padding=&#8221;10px||10px||false|false&#8221; custom_padding__hover=&#8221;|||&#8221;][et_pb_search_article filter_categories=&#8221;on&#8221; category=&#8221;94&#8243; show_title=&#8221;off&#8221; module_class=&#8221;leftside&#8221; _builder_version=&#8221;4.8.2&#8243; _module_preset=&#8221;default&#8221; module_alignment=&#8221;left&#8221; custom_margin=&#8221;|||0px|false|false&#8221; custom_padding=&#8221;|||0px|false|false&#8221;][\/et_pb_search_article][\/et_pb_column][et_pb_column type=&#8221;1_3&#8243; _builder_version=&#8221;4.8.2&#8243; custom_padding=&#8221;10px||10px||false|false&#8221; custom_padding_tablet=&#8221;0px||0px||false|false&#8221; custom_padding_phone=&#8221;&#8221; custom_padding_last_edited=&#8221;on|tablet&#8221; custom_padding__hover=&#8221;|||&#8221;][et_pb_image src=&#8221;https:\/\/www.legumehub.eu\/wp-content\/uploads\/2020\/11\/legume_hub_logo_sw_free-9edd5cfd.png&#8221; alt=&#8221;legume_hub_logo_sw_free-9edd5cfd&#8221; title_text=&#8221;legume_hub_logo_sw_free-9edd5cfd&#8221; align=&#8221;right&#8221; disabled_on=&#8221;off|on|on&#8221; _builder_version=&#8221;4.8.2&#8243; _module_preset=&#8221;default&#8221; transform_scale=&#8221;160%|160%&#8221; height=&#8221;50px&#8221; custom_padding=&#8221;|20%|||false|false&#8221; filter_opacity=&#8221;0%&#8221; locked=&#8221;off&#8221; filter_opacity__sticky_enabled=&#8221;on|sticky&#8221; filter_opacity__sticky=&#8221;15%&#8221; custom_css_main_element_last_edited=&#8221;on|tablet&#8221; custom_css_main_element_tablet=&#8221;display: none;&#8221;][\/et_pb_image][\/et_pb_column][\/et_pb_row][\/et_pb_section][et_pb_section fb_built=&#8221;1&#8243; admin_label=&#8221;Search Articles&#8221; _builder_version=&#8221;4.8.2&#8243; background_color=&#8221;#FFFFFF&#8221; z_index=&#8221;10&#8243; custom_padding=&#8221;0px||5px|0px|false|false&#8221; sticky_position=&#8221;top&#8221; sticky_offset_top=&#8221;92px&#8221; sticky_offset_surrounding=&#8221;off&#8221; sticky_position_tablet=&#8221;none&#8221; sticky_position_phone=&#8221;&#8221; sticky_position_last_edited=&#8221;on|desktop&#8221; border_color_bottom=&#8221;#FFFFFF&#8221; box_shadow_style=&#8221;preset3&#8243; box_shadow_vertical=&#8221;3px&#8221; box_shadow_blur=&#8221;8px&#8221; box_shadow_color=&#8221;#FFFFFF&#8221; locked=&#8221;off&#8221; collapsed=&#8221;off&#8221; border_color_bottom__sticky_enabled=&#8221;on|sticky&#8221; border_color_bottom__sticky=&#8221;#eeeeee&#8221; box_shadow_color__sticky_enabled=&#8221;on|sticky&#8221; box_shadow_color__sticky=&#8221;rgba(178,178,178,0.59)&#8221;][et_pb_row column_structure=&#8221;1_2,1_2&#8243; use_custom_gutter=&#8221;on&#8221; gutter_width=&#8221;1&#8243; _builder_version=&#8221;4.8.2&#8243; width_tablet=&#8221;&#8221; width_phone=&#8221;98%&#8221; width_last_edited=&#8221;on|phone&#8221; custom_padding=&#8221;6px||0px||false|false&#8221; locked=&#8221;off&#8221;][et_pb_column type=&#8221;1_2&#8243; _builder_version=&#8221;4.8.2&#8243; custom_padding=&#8221;0px||0px||false|false&#8221; custom_padding__hover=&#8221;|||&#8221;][et_pb_text admin_label=&#8221;Ergebnisse&#8221; module_id=&#8221;article_searchinfo&#8221; _builder_version=&#8221;4.8.2&#8243; _module_preset=&#8221;default&#8221; text_font=&#8221;||||||||&#8221; text_font_size=&#8221;17px&#8221; custom_margin=&#8221;0px||0px||false|false&#8221; custom_padding=&#8221;0px||0px||false|false&#8221;][\/et_pb_text][\/et_pb_column][et_pb_column type=&#8221;1_2&#8243; _builder_version=&#8221;4.8.2&#8243; custom_padding=&#8221;10px||10px||false|false&#8221; custom_padding__hover=&#8221;|||&#8221;][et_pb_text admin_label=&#8221;Navi Ergebnisse&#8221; _builder_version=&#8221;4.8.2&#8243; _module_preset=&#8221;default&#8221; text_font=&#8221;||||||||&#8221; text_font_size=&#8221;17px&#8221; custom_margin=&#8221;0px||0px||false|false&#8221; custom_padding=&#8221;0px||0px||false|false&#8221;]<\/p>\n<p style=\"text-align: right;\"><a href=\"#articles\">Artikel<\/a>\u00a0| <a href=\"#videos\">Videos<\/a> | <a style=\"color: #111111;\" href=\"#disc\">Mehr \u00fcber Gefl\u00fcgel<\/a><\/p>\n<p>[\/et_pb_text][\/et_pb_column][\/et_pb_row][\/et_pb_section][et_pb_section fb_built=&#8221;1&#8243; _builder_version=&#8221;4.8.2&#8243; _module_preset=&#8221;default&#8221; background_color=&#8221;rgba(208,223,144,0.15)&#8221; custom_padding=&#8221;15px||15px||false|false&#8221;][et_pb_row _builder_version=&#8221;4.8.2&#8243; _module_preset=&#8221;default&#8221; custom_padding=&#8221;0px||0px||false|false&#8221;][et_pb_column type=&#8221;4_4&#8243; _builder_version=&#8221;4.8.2&#8243; _module_preset=&#8221;default&#8221;][et_pb_article_list type=&#8221;on|on|on|off&#8221; language=&#8221;off|on&#8221; headline_div=&#8221;article_searchinfo&#8221; _builder_version=&#8221;4.8.2&#8243; _module_preset=&#8221;default&#8221;][\/et_pb_article_list][\/et_pb_column][\/et_pb_row][\/et_pb_section][et_pb_section fb_built=&#8221;1&#8243; admin_label=&#8221;Section #videos&#8221; module_id=&#8221;videos&#8221; _builder_version=&#8221;4.8.2&#8243; _module_preset=&#8221;default&#8221; background_color=&#8221;rgba(208,223,144,0.15)&#8221; height=&#8221;92px&#8221; custom_padding=&#8221;0px||0px||false|false&#8221; collapsed=&#8221;on&#8221;][et_pb_row _builder_version=&#8221;4.8.2&#8243; _module_preset=&#8221;default&#8221; custom_padding=&#8221;0px||0px||false|false&#8221;][et_pb_column type=&#8221;4_4&#8243; _builder_version=&#8221;4.8.2&#8243; _module_preset=&#8221;default&#8221;][et_pb_divider show_divider=&#8221;off&#8221; _builder_version=&#8221;4.8.2&#8243; _module_preset=&#8221;default&#8221;][\/et_pb_divider][\/et_pb_column][\/et_pb_row][\/et_pb_section][et_pb_section fb_built=&#8221;1&#8243; admin_label=&#8221;Search Articles&#8221; _builder_version=&#8221;4.8.2&#8243; background_color=&#8221;#FFFFFF&#8221; z_index=&#8221;12&#8243; custom_padding=&#8221;0px||5px|0px|false|false&#8221; sticky_position=&#8221;top&#8221; sticky_offset_top=&#8221;92px&#8221; sticky_offset_surrounding=&#8221;off&#8221; sticky_position_tablet=&#8221;none&#8221; sticky_position_phone=&#8221;&#8221; sticky_position_last_edited=&#8221;on|desktop&#8221; border_color_bottom=&#8221;#FFFFFF&#8221; box_shadow_style=&#8221;preset3&#8243; box_shadow_vertical=&#8221;3px&#8221; box_shadow_blur=&#8221;8px&#8221; box_shadow_color=&#8221;#FFFFFF&#8221; locked=&#8221;off&#8221; collapsed=&#8221;off&#8221; border_color_bottom__sticky_enabled=&#8221;on|sticky&#8221; border_color_bottom__sticky=&#8221;#eeeeee&#8221; box_shadow_color__sticky_enabled=&#8221;on|sticky&#8221; box_shadow_color__sticky=&#8221;rgba(178,178,178,0.59)&#8221;][et_pb_row column_structure=&#8221;1_2,1_2&#8243; use_custom_gutter=&#8221;on&#8221; gutter_width=&#8221;1&#8243; _builder_version=&#8221;4.8.2&#8243; width_tablet=&#8221;&#8221; width_phone=&#8221;98%&#8221; width_last_edited=&#8221;on|phone&#8221; custom_padding=&#8221;6px||6px||false|false&#8221; locked=&#8221;off&#8221;][et_pb_column type=&#8221;1_2&#8243; _builder_version=&#8221;4.8.2&#8243; custom_padding=&#8221;0px||0px||false|false&#8221; custom_padding__hover=&#8221;|||&#8221;][et_pb_text admin_label=&#8221;Ergebnisse&#8221; module_id=&#8221;videos_searchinfo&#8221; _builder_version=&#8221;4.8.2&#8243; _module_preset=&#8221;default&#8221; text_font=&#8221;||||||||&#8221; text_font_size=&#8221;17px&#8221;][\/et_pb_text][\/et_pb_column][et_pb_column type=&#8221;1_2&#8243; _builder_version=&#8221;4.7.3&#8243; custom_padding=&#8221;10px||10px||false|false&#8221; custom_padding__hover=&#8221;|||&#8221;][et_pb_text admin_label=&#8221;Navi Ergebnisse&#8221; _builder_version=&#8221;4.8.2&#8243; _module_preset=&#8221;default&#8221; text_font=&#8221;||||||||&#8221; text_font_size=&#8221;17px&#8221;]<\/p>\n<p style=\"text-align: right;\"><a href=\"#articles\">Artikel<\/a>\u00a0| <a href=\"#videos\">Videos<\/a> | <a style=\"color: #111111;\" href=\"#disc\">Mehr \u00fcber Gefl\u00fcgel<\/a><\/p>\n<p>[\/et_pb_text][\/et_pb_column][\/et_pb_row][\/et_pb_section][et_pb_section fb_built=&#8221;1&#8243; _builder_version=&#8221;4.8.2&#8243; _module_preset=&#8221;default&#8221; background_color=&#8221;rgba(208,223,144,0.15)&#8221; custom_padding=&#8221;15px||14px||false|false&#8221;][et_pb_row _builder_version=&#8221;4.8.2&#8243; _module_preset=&#8221;default&#8221; custom_padding=&#8221;0px||0px||false|false&#8221;][et_pb_column type=&#8221;4_4&#8243; _builder_version=&#8221;4.8.2&#8243; _module_preset=&#8221;default&#8221;][et_pb_article_list type=&#8221;off|off|off|on&#8221; language=&#8221;off|on&#8221; headline_div=&#8221;videos_searchinfo&#8221; headline_text=&#8221;Unsere Videos zu&#8221; module_id=&#8221;videos_searchinfo&#8221; _builder_version=&#8221;4.8.2&#8243; _module_preset=&#8221;default&#8221;][\/et_pb_article_list][\/et_pb_column][\/et_pb_row][\/et_pb_section][et_pb_section fb_built=&#8221;1&#8243; admin_label=&#8221;Section #disc&#8221; module_id=&#8221;disc&#8221; _builder_version=&#8221;4.8.2&#8243; _module_preset=&#8221;default&#8221; background_color=&#8221;rgba(208,223,144,0.15)&#8221; height=&#8221;92px&#8221; custom_padding=&#8221;0px||0px||false|false&#8221; locked=&#8221;off&#8221; collapsed=&#8221;on&#8221;][et_pb_row _builder_version=&#8221;4.8.2&#8243; _module_preset=&#8221;default&#8221; custom_padding=&#8221;0px||0px||false|false&#8221;][et_pb_column type=&#8221;4_4&#8243; _builder_version=&#8221;4.8.2&#8243; _module_preset=&#8221;default&#8221;][et_pb_divider show_divider=&#8221;off&#8221; _builder_version=&#8221;4.8.2&#8243; _module_preset=&#8221;default&#8221;][\/et_pb_divider][\/et_pb_column][\/et_pb_row][\/et_pb_section][et_pb_section fb_built=&#8221;1&#8243; admin_label=&#8221;Inhalt&#8221; _builder_version=&#8221;4.8.2&#8243; background_enable_color=&#8221;off&#8221; custom_margin=&#8221;||0px||false|false&#8221; custom_padding=&#8221;||100px||false|false&#8221; locked=&#8221;off&#8221; collapsed=&#8221;off&#8221;][et_pb_row column_structure=&#8221;3_4,1_4&#8243; _builder_version=&#8221;4.5.6&#8243; custom_margin=&#8221;||||false|false&#8221; custom_padding=&#8221;||||false|false&#8221;][et_pb_column type=&#8221;3_4&#8243; _builder_version=&#8221;3.25&#8243; custom_padding=&#8221;|||&#8221; custom_padding__hover=&#8221;|||&#8221;][et_pb_text admin_label=&#8221;Einleitung&#8221; _builder_version=&#8221;4.8.2&#8243; text_font_size=&#8221;20px&#8221; text_line_height=&#8221;2em&#8221; header_font=&#8221;Noto Serif||||||||&#8221; header_font_size=&#8221;34px&#8221; header_2_font=&#8221;Noto Serif||||||||&#8221; header_2_font_size=&#8221;40px&#8221; header_2_line_height=&#8221;1.4em&#8221; header_2_font_size_tablet=&#8221;30px&#8221; header_2_font_size_phone=&#8221;24px&#8221; header_2_font_size_last_edited=&#8221;on|phone&#8221; locked=&#8221;off&#8221;]<\/p>\n<h1 id=\"Food\">Mehr \u00fcber Gefl\u00fcgel<\/h1>\n<p>[\/et_pb_text][et_pb_divider color=&#8221;#ffca67&#8243; divider_weight=&#8221;3px&#8221; _builder_version=&#8221;4.7.0&#8243; max_width=&#8221;80px&#8221; height=&#8221;3px&#8221; locked=&#8221;off&#8221;]<br \/>\n[\/et_pb_divider][et_pb_text admin_label=&#8221;Einleitung&#8221; _builder_version=&#8221;4.8.2&#8243; text_font=&#8221;||||||||&#8221; text_font_size=&#8221;17px&#8221; text_line_height=&#8221;1.6em&#8221; header_font=&#8221;||||||||&#8221; header_2_font=&#8221;Noto Serif||||||||&#8221; header_2_font_size=&#8221;40px&#8221; header_2_line_height=&#8221;1.4em&#8221; header_2_font_size_tablet=&#8221;30px&#8221; header_2_font_size_phone=&#8221;24px&#8221; header_2_font_size_last_edited=&#8221;on|phone&#8221; locked=&#8221;off&#8221;]<\/p>\n<p>F\u00fcr entsprechendes Wachstum, Eierproduktion und Gesundheit in der Gefl\u00fcgelhaltung, bedarf es geeignetem Futter, um den Bedarf an Energie, Proteinen, Mineralien und anderen essentiellen N\u00e4hrstoffen zu decken. Kohlenhydratreiche Nutzpflanzen wie Mais und Weizen bilden die energiereiche Grundlage des Futters, das in den meisten modernen Produktionssystemen verwendet wird.<\/p>\n<p>Diese kohlenhydratreichen Nutzpflanzen enthalten weniger Eiwei\u00df als erforderlich und zeichnen sich zudem durch niedrige Gehalte an bestimmten essentiellen Aminos\u00e4uren, wie Lysin, auf. Gefl\u00fcgelfutter in modernen Produktionssystemen enth\u00e4lt fast immer eine Mischung aus kohlenhydratreichen und proteinreichen Zutaten. Die proteinreiche Komponente muss eine ausgewogene Kombination von essentiellen Aminos\u00e4uren liefern.<\/p>\n<p>Sojabohnen sind die h\u00e4ufigste proteinreiche Zutat in Gefl\u00fcgelfutter, aber auch andere K\u00f6rnerleguminosen wie Erbse, Ackerbohne oder Lupine k\u00f6nnen verwendet werden. Neben den ern\u00e4hrungsphysiologischen Aspekten ist die proteinreiche Quelle von gro\u00dfer wirtschaftlicher Bedeutung, da proteinreiche Zutaten teure Bestandteile der meisten Futterrationen sind.<\/p>\n<p>Der Legume Hub bietet Wissen zur Verf\u00fctterung von K\u00f6rnerleguminosen in der Gefl\u00fcgelzucht, insbesondere hinsichtlich Futterwert, Proteinanteil sowie ihrer weiteren chemischen Zusammensetzung und stellt praktische Informationen f\u00fcr ihre Verwendung bereit.<\/p>\n<p>[\/et_pb_text][\/et_pb_column][et_pb_column type=&#8221;1_4&#8243; _builder_version=&#8221;3.25&#8243; custom_padding=&#8221;|||&#8221; custom_padding__hover=&#8221;|||&#8221;][\/et_pb_column][\/et_pb_row][\/et_pb_section]<\/p>\n","protected":false},"excerpt":{"rendered":"<p>[et_pb_section fb_built=&#8221;1&#8243; admin_label=&#8221;Section New Header&#8221; _builder_version=&#8221;4.8.2&#8243; _module_preset=&#8221;default&#8221; use_background_color_gradient=&#8221;on&#8221; background_color_gradient_start=&#8221;#d0df90&#8243; background_color_gradient_end=&#8221;rgba(0,0,0,0)&#8221; background_color_gradient_direction=&#8221;90deg&#8221; background_color_gradient_overlays_image=&#8221;on&#8221; background_image=&#8221;https:\/\/www.legumehub.eu\/wp-content\/uploads\/2020\/09\/legumehub-POULTRY-donau-soja-c-shutterstock_1493052437-1.jpg&#8221; custom_margin=&#8221;130px||||false|false&#8221; custom_padding=&#8221;||0px||false|false&#8221; locked=&#8221;off&#8221;][et_pb_row _builder_version=&#8221;4.8.2&#8243; _module_preset=&#8221;default&#8221; custom_margin=&#8221;0px||0px||false|false&#8221; custom_padding=&#8221;0px||0px||false|false&#8221;][et_pb_column type=&#8221;4_4&#8243; _builder_version=&#8221;4.8.2&#8243; _module_preset=&#8221;default&#8221;][et_pb_text admin_label=&#8221;Page Headline&#8221; _builder_version=&#8221;4.8.2&#8243; text_font=&#8221;||||||||&#8221; text_line_height=&#8221;2em&#8221; header_font=&#8221;Noto Serif||||||||&#8221; header_text_align=&#8221;left&#8221; header_font_size=&#8221;54px&#8221; header_2_font=&#8221;||||||||&#8221; header_5_font=&#8221;||||||||&#8221; header_6_font=&#8221;Source Sans Pro|||on|||||&#8221; header_6_font_size=&#8221;24px&#8221; header_6_letter_spacing=&#8221;8px&#8221; header_6_line_height=&#8221;1.8em&#8221; text_orientation=&#8221;center&#8221; background_layout=&#8221;dark&#8221; max_width=&#8221;100%&#8221; max_width_tablet=&#8221;&#8221; max_width_phone=&#8221;&#8221; max_width_last_edited=&#8221;on|tablet&#8221; module_alignment=&#8221;left&#8221; custom_margin=&#8221;0px||0px||false|false&#8221; custom_padding=&#8221;25px||0px||false|false&#8221; animation_style=&#8221;slide&#8221; animation_intensity_slide=&#8221;4%&#8221; header_font_size_tablet=&#8221;42px&#8221; header_font_size_phone=&#8221;32px&#8221; header_font_size_last_edited=&#8221;on|tablet&#8221; text_font_size__hover=&#8221;14px&#8221; [&hellip;]<\/p>\n","protected":false},"author":4,"featured_media":18294,"parent":4083,"menu_order":0,"comment_status":"closed","ping_status":"closed","template":"","meta":{"_et_pb_use_builder":"on","_et_pb_old_content":"","_et_gb_content_width":"","footnotes":""},"class_list":["post-4303","page","type-page","status-publish","has-post-thumbnail","hentry"],"_links":{"self":[{"href":"https:\/\/legumehub.eu\/de\/wp-json\/wp\/v2\/pages\/4303","targetHints":{"allow":["GET"]}}],"collection":[{"href":"https:\/\/legumehub.eu\/de\/wp-json\/wp\/v2\/pages"}],"about":[{"href":"https:\/\/legumehub.eu\/de\/wp-json\/wp\/v2\/types\/page"}],"author":[{"embeddable":true,"href":"https:\/\/legumehub.eu\/de\/wp-json\/wp\/v2\/users\/4"}],"replies":[{"embeddable":true,"href":"https:\/\/legumehub.eu\/de\/wp-json\/wp\/v2\/comments?post=4303"}],"version-history":[{"count":0,"href":"https:\/\/legumehub.eu\/de\/wp-json\/wp\/v2\/pages\/4303\/revisions"}],"up":[{"embeddable":true,"href":"https:\/\/legumehub.eu\/de\/wp-json\/wp\/v2\/pages\/4083"}],"wp:featuredmedia":[{"embeddable":true,"href":"https:\/\/legumehub.eu\/de\/wp-json\/wp\/v2\/media\/18294"}],"wp:attachment":[{"href":"https:\/\/legumehub.eu\/de\/wp-json\/wp\/v2\/media?parent=4303"}],"curies":[{"name":"wp","href":"https:\/\/api.w.org\/{rel}","templated":true}]}}